{"id":651,"date":"2025-07-31T16:26:51","date_gmt":"2025-07-31T16:26:51","guid":{"rendered":"https:\/\/hh-leather.eu\/oferta-specjalna-dla-producentow-wyrobow-skorzanychspecial-offer-for-leather-goods-manufacturers\/"},"modified":"2025-07-31T17:26:30","modified_gmt":"2025-07-31T17:26:30","slug":"oferta-specjalna-dla-producentow-wyrobow-skorzanychspecial-offer-for-leather-goods-manufacturers","status":"publish","type":"page","link":"https:\/\/hh-leather.eu\/pl\/oferta-specjalna-dla-producentow-wyrobow-skorzanychspecial-offer-for-leather-goods-manufacturers\/","title":{"rendered":"Oferta specjalna dla producent\u00f3w wyrob\u00f3w sk\u00f3rzanych"},"content":{"rendered":"","protected":false},"excerpt":{"rendered":"","protected":false},"author":1,"featured_media":0,"parent":0,"menu_order":0,"comment_status":"open","ping_status":"closed","template":"","meta":{"footnotes":""},"class_list":["post-651","page","type-page","status-publish","hentry"],"_links":{"self":[{"href":"https:\/\/hh-leather.eu\/pl\/wp-json\/wp\/v2\/pages\/651","targetHints":{"allow":["GET"]}}],"collection":[{"href":"https:\/\/hh-leather.eu\/pl\/wp-json\/wp\/v2\/pages"}],"about":[{"href":"https:\/\/hh-leather.eu\/pl\/wp-json\/wp\/v2\/types\/page"}],"author":[{"embeddable":true,"href":"https:\/\/hh-leather.eu\/pl\/wp-json\/wp\/v2\/users\/1"}],"replies":[{"embeddable":true,"href":"https:\/\/hh-leather.eu\/pl\/wp-json\/wp\/v2\/comments?post=651"}],"version-history":[{"count":1,"href":"https:\/\/hh-leather.eu\/pl\/wp-json\/wp\/v2\/pages\/651\/revisions"}],"predecessor-version":[{"id":653,"href":"https:\/\/hh-leather.eu\/pl\/wp-json\/wp\/v2\/pages\/651\/revisions\/653"}],"wp:attachment":[{"href":"https:\/\/hh-leather.eu\/pl\/wp-json\/wp\/v2\/media?parent=651"}],"curies":[{"name":"wp","href":"https:\/\/api.w.org\/{rel}","templated":true}]}}